{"id":489,"date":"2019-08-25T07:55:48","date_gmt":"2019-08-25T07:55:48","guid":{"rendered":"https:\/\/austria:8890\/?page_id=489"},"modified":"2022-11-14T13:45:09","modified_gmt":"2022-11-14T13:45:09","slug":"anreise","status":"publish","type":"page","link":"https:\/\/appartementantonia.at\/de\/anreise\/","title":{"rendered":"Anreise"},"content":{"rendered":"<section id=\"text-2-cols-block_0207c399d4b9777152491caf3be41c4e\" class=\"block text-2-cols mt-5 mt-lg-7  mb-5\">\n    <div class=\"container\">\n        <div class=\"row justify-content-center\">\n            <div class=\"col-12 scrollimation\">\n                <h2 class='h4 text-center'>Auf gehts ins Antonia<\/h2>\n            <\/div>\n\n                            <div class=\"scrollimation item-1 col-12 col-md-10 col-lg-8\">\n                    <div class=\"font-size-normal mt-2\">\n\n                                                    <p style=\"text-align: center;\"><strong>Mit dem Auto: <\/strong>Gastigweg 21, 6580 St. Anton am Arlberg, \u00d6sterreich<\/p>\n<p style=\"text-align: center;\">Fahren Sie bei der Verkehrsleitzone M in die Alte Arlbergstra\u00dfe ein. Bei der 2. Abzweigung fahren Sie entlang dem Gastigweg. Nach ca. 500 m biegen Sie links ab. Sie sehen das Haus \u201eAntonia\u201c vor sich.<\/p>\n<p style=\"text-align: center;\"><strong>Mit dem Zug:<\/strong> Der Bahnhof von St. Anton am Arlberg liegt im Ortszentrum.\u00a0<strong>Informationen zu Z\u00fcgen und Fahrpl\u00e4ne finden Sie hier: <\/strong> <a href=\"https:\/\/oebb.at\/\" target=\"_blank\" rel=\"noopener\" class=\"text-body\">www.oebb.at<\/a><\/p>\n<p style=\"text-align: center;\"><strong>Anreise mit dem Flugzeug:<\/strong> Die n\u00e4chstgelegenen Flugh\u00e4fen sind Innsbruck ca. 100 km, Friedrichshafen ca. 130 km, Z\u00fcrich ca. 200 km, M\u00fcnchen 250 km oder Salzburg ca. 300 km <strong>Flughafentransfer:<\/strong> <a href=\"https:\/\/www.derantoner.at\/\" target=\"_blank\" rel=\"noopener\" class=\"text-body\">www.derantoner.at<\/a><\/p>\n                        \n                    <\/div>\n                <\/div>\n                        \n        <\/div>\n    <\/div>\n<\/section>","protected":false},"excerpt":{"rendered":"<p> [&#8230;]<\/p>\n<p><a class=\"btn btn-secondary understrap-read-more-link\" href=\"https:\/\/appartementantonia.at\/de\/anreise\/\">Weiterlesen&#8230;<\/a><\/p>\n","protected":false},"author":1,"featured_media":0,"parent":0,"menu_order":0,"comment_status":"closed","ping_status":"closed","template":"page-templates\/template-contact.php","meta":[],"acf":[],"yoast_head":"<!-- This site is optimized with the Yoast SEO plugin v21.1 - https:\/\/yoast.com\/wordpress\/plugins\/seo\/ -->\n<title>Nehmen Sie Kontakt mit uns auf \u2013 Ob per Telefon, WhatsApp oder Mail.<\/title>\n<meta name=\"description\" content=\"Ob per Telefon, WhatsApp, Mail oder Brieftaube \u2013 wir freuen uns schon, von Ihnen zu h\u00f6ren! Also einfach gleich anfragen oder direkt buchen.\" \/>\n<meta name=\"robots\" content=\"index, follow, max-snippet:-1, max-image-preview:large, max-video-preview:-1\" \/>\n<link rel=\"canonical\" href=\"https:\/\/appartementantonia.at\/de\/anreise\/\" \/>\n<meta property=\"og:locale\" content=\"de_DE\" \/>\n<meta property=\"og:type\" content=\"article\" \/>\n<meta property=\"og:title\" content=\"Nehmen Sie Kontakt mit uns auf \u2013 Ob per Telefon, WhatsApp oder Mail.\" \/>\n<meta property=\"og:description\" content=\"Ob per Telefon, WhatsApp, Mail oder Brieftaube \u2013 wir freuen uns schon, von Ihnen zu h\u00f6ren! Also einfach gleich anfragen oder direkt buchen.\" \/>\n<meta property=\"og:url\" content=\"https:\/\/appartementantonia.at\/de\/anreise\/\" \/>\n<meta property=\"og:site_name\" content=\"Antonia Appartement\" \/>\n<meta property=\"article:modified_time\" content=\"2022-11-14T13:45:09+00:00\" \/>\n<meta name=\"twitter:card\" content=\"summary_large_image\" \/>\n<script type=\"application\/ld+json\" class=\"yoast-schema-graph\">{\"@context\":\"https:\/\/schema.org\",\"@graph\":[{\"@type\":\"WebPage\",\"@id\":\"https:\/\/appartementantonia.at\/de\/anreise\/\",\"url\":\"https:\/\/appartementantonia.at\/de\/anreise\/\",\"name\":\"Nehmen Sie Kontakt mit uns auf \u2013 Ob per Telefon, WhatsApp oder Mail.\",\"isPartOf\":{\"@id\":\"https:\/\/appartementantonia.at\/de\/#website\"},\"datePublished\":\"2019-08-25T07:55:48+00:00\",\"dateModified\":\"2022-11-14T13:45:09+00:00\",\"description\":\"Ob per Telefon, WhatsApp, Mail oder Brieftaube \u2013 wir freuen uns schon, von Ihnen zu h\u00f6ren! Also einfach gleich anfragen oder direkt buchen.\",\"breadcrumb\":{\"@id\":\"https:\/\/appartementantonia.at\/de\/anreise\/#breadcrumb\"},\"inLanguage\":\"de\",\"potentialAction\":[{\"@type\":\"ReadAction\",\"target\":[\"https:\/\/appartementantonia.at\/de\/anreise\/\"]}]},{\"@type\":\"BreadcrumbList\",\"@id\":\"https:\/\/appartementantonia.at\/de\/anreise\/#breadcrumb\",\"itemListElement\":[{\"@type\":\"ListItem\",\"position\":1,\"name\":\"Startseite\",\"item\":\"https:\/\/appartementantonia.at\/de\/\"},{\"@type\":\"ListItem\",\"position\":2,\"name\":\"Anreise\"}]},{\"@type\":\"WebSite\",\"@id\":\"https:\/\/appartementantonia.at\/de\/#website\",\"url\":\"https:\/\/appartementantonia.at\/de\/\",\"name\":\"Aparthotel Austria\",\"description\":\"Ihr Apartment in St. Anton am Arlberg\",\"publisher\":{\"@id\":\"https:\/\/appartementantonia.at\/de\/#organization\"},\"potentialAction\":[{\"@type\":\"SearchAction\",\"target\":{\"@type\":\"EntryPoint\",\"urlTemplate\":\"https:\/\/appartementantonia.at\/de\/?s={search_term_string}\"},\"query-input\":\"required name=search_term_string\"}],\"inLanguage\":\"de\"},{\"@type\":\"Organization\",\"@id\":\"https:\/\/appartementantonia.at\/de\/#organization\",\"name\":\"Apartment Antonia\",\"url\":\"https:\/\/appartementantonia.at\/de\/\",\"logo\":{\"@type\":\"ImageObject\",\"inLanguage\":\"de\",\"@id\":\"https:\/\/appartementantonia.at\/de\/#\/schema\/logo\/image\/\",\"url\":\"https:\/\/appartementantonia.at\/wp-content\/uploads\/2022\/10\/logo.svg\",\"contentUrl\":\"https:\/\/appartementantonia.at\/wp-content\/uploads\/2022\/10\/logo.svg\",\"width\":1,\"height\":1,\"caption\":\"Apartment Antonia\"},\"image\":{\"@id\":\"https:\/\/appartementantonia.at\/de\/#\/schema\/logo\/image\/\"}}]}<\/script>\n<!-- \/ Yoast SEO plugin. -->","yoast_head_json":{"title":"Nehmen Sie Kontakt mit uns auf \u2013 Ob per Telefon, WhatsApp oder Mail.","description":"Ob per Telefon, WhatsApp, Mail oder Brieftaube \u2013 wir freuen uns schon, von Ihnen zu h\u00f6ren! Also einfach gleich anfragen oder direkt buchen.","robots":{"index":"index","follow":"follow","max-snippet":"max-snippet:-1","max-image-preview":"max-image-preview:large","max-video-preview":"max-video-preview:-1"},"canonical":"https:\/\/appartementantonia.at\/de\/anreise\/","og_locale":"de_DE","og_type":"article","og_title":"Nehmen Sie Kontakt mit uns auf \u2013 Ob per Telefon, WhatsApp oder Mail.","og_description":"Ob per Telefon, WhatsApp, Mail oder Brieftaube \u2013 wir freuen uns schon, von Ihnen zu h\u00f6ren! Also einfach gleich anfragen oder direkt buchen.","og_url":"https:\/\/appartementantonia.at\/de\/anreise\/","og_site_name":"Antonia Appartement","article_modified_time":"2022-11-14T13:45:09+00:00","twitter_card":"summary_large_image","schema":{"@context":"https:\/\/schema.org","@graph":[{"@type":"WebPage","@id":"https:\/\/appartementantonia.at\/de\/anreise\/","url":"https:\/\/appartementantonia.at\/de\/anreise\/","name":"Nehmen Sie Kontakt mit uns auf \u2013 Ob per Telefon, WhatsApp oder Mail.","isPartOf":{"@id":"https:\/\/appartementantonia.at\/de\/#website"},"datePublished":"2019-08-25T07:55:48+00:00","dateModified":"2022-11-14T13:45:09+00:00","description":"Ob per Telefon, WhatsApp, Mail oder Brieftaube \u2013 wir freuen uns schon, von Ihnen zu h\u00f6ren! Also einfach gleich anfragen oder direkt buchen.","breadcrumb":{"@id":"https:\/\/appartementantonia.at\/de\/anreise\/#breadcrumb"},"inLanguage":"de","potentialAction":[{"@type":"ReadAction","target":["https:\/\/appartementantonia.at\/de\/anreise\/"]}]},{"@type":"BreadcrumbList","@id":"https:\/\/appartementantonia.at\/de\/anreise\/#breadcrumb","itemListElement":[{"@type":"ListItem","position":1,"name":"Startseite","item":"https:\/\/appartementantonia.at\/de\/"},{"@type":"ListItem","position":2,"name":"Anreise"}]},{"@type":"WebSite","@id":"https:\/\/appartementantonia.at\/de\/#website","url":"https:\/\/appartementantonia.at\/de\/","name":"Aparthotel Austria","description":"Ihr Apartment in St. Anton am Arlberg","publisher":{"@id":"https:\/\/appartementantonia.at\/de\/#organization"},"potentialAction":[{"@type":"SearchAction","target":{"@type":"EntryPoint","urlTemplate":"https:\/\/appartementantonia.at\/de\/?s={search_term_string}"},"query-input":"required name=search_term_string"}],"inLanguage":"de"},{"@type":"Organization","@id":"https:\/\/appartementantonia.at\/de\/#organization","name":"Apartment Antonia","url":"https:\/\/appartementantonia.at\/de\/","logo":{"@type":"ImageObject","inLanguage":"de","@id":"https:\/\/appartementantonia.at\/de\/#\/schema\/logo\/image\/","url":"https:\/\/appartementantonia.at\/wp-content\/uploads\/2022\/10\/logo.svg","contentUrl":"https:\/\/appartementantonia.at\/wp-content\/uploads\/2022\/10\/logo.svg","width":1,"height":1,"caption":"Apartment Antonia"},"image":{"@id":"https:\/\/appartementantonia.at\/de\/#\/schema\/logo\/image\/"}}]}},"_links":{"self":[{"href":"https:\/\/appartementantonia.at\/de\/wp-json\/wp\/v2\/pages\/489"}],"collection":[{"href":"https:\/\/appartementantonia.at\/de\/wp-json\/wp\/v2\/pages"}],"about":[{"href":"https:\/\/appartementantonia.at\/de\/wp-json\/wp\/v2\/types\/page"}],"author":[{"embeddable":true,"href":"https:\/\/appartementantonia.at\/de\/wp-json\/wp\/v2\/users\/1"}],"replies":[{"embeddable":true,"href":"https:\/\/appartementantonia.at\/de\/wp-json\/wp\/v2\/comments?post=489"}],"version-history":[{"count":33,"href":"https:\/\/appartementantonia.at\/de\/wp-json\/wp\/v2\/pages\/489\/revisions"}],"predecessor-version":[{"id":2996,"href":"https:\/\/appartementantonia.at\/de\/wp-json\/wp\/v2\/pages\/489\/revisions\/2996"}],"wp:attachment":[{"href":"https:\/\/appartementantonia.at\/de\/wp-json\/wp\/v2\/media?parent=489"}],"curies":[{"name":"wp","href":"https:\/\/api.w.org\/{rel}","templated":true}]}}